{"id":49,"date":"2013-09-15T20:24:28","date_gmt":"2013-09-15T20:24:28","guid":{"rendered":"http:\/\/www.aboatox.com\/?page_id=49"},"modified":"2026-04-15T07:09:52","modified_gmt":"2026-04-15T07:09:52","slug":"hygiene-monitoring-products","status":"publish","type":"page","link":"https:\/\/www.aboatox.com\/?page_id=49","title":{"rendered":"Hygieniamittaukset: Kikkoman ATP"},"content":{"rendered":"\n<p><script type=\"text\/javascript\"> function style_disk_free_space198() { return \"none\" } function end198_() { document.getElementById('mbx198').style.display = style_disk_free_space198() } <\/script><br>\n<strong>Kikkoman ATP -MITTAUSSYSTEEMI eli hygieniatesti:<br>\n<\/strong><\/p>\n\n\n\n<figure class=\"wp-block-image\"><a href=\"https:\/\/www.aboatox.com\/wp-content\/uploads\/2025\/10\/Lumitester-ja-tikut.png\"><img loading=\"lazy\" decoding=\"async\" width=\"241\" height=\"300\" src=\"https:\/\/www.aboatox.com\/wp-content\/uploads\/2025\/10\/Lumitester-ja-tikut-241x300.png\" alt=\"\" class=\"wp-image-680\" srcset=\"https:\/\/www.aboatox.com\/wp-content\/uploads\/2025\/10\/Lumitester-ja-tikut-241x300.png 241w, https:\/\/www.aboatox.com\/wp-content\/uploads\/2025\/10\/Lumitester-ja-tikut.png 520w\" sizes=\"auto, (max-width: 241px) 100vw, 241px\" \/><\/a><\/figure>\n\n\n\n<p><\/p>\n\n\n\n<p><a href=\"https:\/\/www.aboatox.com\/wp-content\/uploads\/2025\/10\/Lumitester-Smart-Finnish.pdf\">Lumitester Smart &#8211; Finnish<\/a><\/p>\n\n\n\n<p>Perusteita ATP-mittauksesta:<\/p>\n\n\n\n<p>&#8211; ATP:t\u00e4 on kaikissa el\u00e4viss\u00e4 soluissa, mutta ATP:n m\u00e4\u00e4r\u00e4 soluissa ei ole vakio. Hiivassa on tuhat kertaa enemm\u00e4n ATP:t\u00e4 kuin bakteereissa, koska hiivasolu on j\u00e4rkytt\u00e4v\u00e4n iso bakteerin n\u00e4k\u00f6kulmasta<\/p>\n\n\n\n<p>&#8211; kontaktimaljalla kasvavat ne solut mitk\u00e4 pit\u00e4v\u00e4t niist\u00e4 olosuhteista mihin ne laitetaan. ATP mittaa solujen senhetkist\u00e4 tilaa ja siksi tulosten vertailua pit\u00e4isi tehd\u00e4 vain optimiolosuhteissa logaritmisen kasvun aikana jos hyv\u00e4\u00e4 korrelaatiota halutaan. Muuten on parempi totuttautua ajatukseen, ett\u00e4 eri menetelm\u00e4t mittaavat eri asioita ja tulokset eiv\u00e4t ole kaikissa tilanteissa samoja<\/p>\n\n\n\n<p>T\u00e4ll\u00e4 Lumitester Smart on markkinoiden paras pienikokoinen laite tarkoitukseensa, koska sill\u00e4 pysyt\u00e4\u00e4n mittaamaan luotettavasti my\u00f6s pieni\u00e4 ATP-pitoisuuksia. Reagenssina k\u00e4ytet\u00e4\u00e4n Lucipac A3-reagenssia. Soita ja tilaa. Meid\u00e4n kanssamme on helppo k\u00e4yd\u00e4 kauppaa: te tilaatte, me toimitamme.<\/p>\n\n\n\n<p>Youtubessa on runsaasti materiaalia erilaisista vertailuista ja testeist\u00e4. Hae esimerkiksi sanoilla Lumitester, Lucipac A3 jne!<\/p>\n\n\n\n<p><\/p>\n\n\n\n<p><\/p>\n\n\n\n\n\n<div align=\"center\"><\/div>\n\n\n\n<div align=\"center\"><\/div>\n\n\n\n<figure class=\"wp-block-table\"><table class=\"has-fixed-layout\"><tbody><tr><td>\n<h4>Tilaukset ja kyselyt:<\/h4>\n<p>Aboatox Oy<br>\nLepp\u00e4kuja 5<br>\n21250 MASKU<br>\nFINLAND<\/p>\n<p>Juha Lappalainen<br>\nMobile: +358 400 452 135<\/p>\n<p><a href=\"mailto:%6A%75%68%61%2E%6C%61%70%70%61%6C%61%69%6E%65%6E%40%61%62%6F%61%74%6F%78%2E%63%6F%6D\">eMail<\/a><\/p><\/td><\/tr><\/tbody><\/table><\/figure>\n\n\n\n<p><script type=\"text\/javascript\"> end198_() <\/script><\/p>\n","protected":false},"excerpt":{"rendered":"<p>Kikkoman ATP -MITTAUSSYSTEEMI eli hygieniatesti: Lumitester Smart &#8211; Finnish Perusteita ATP-mittauksesta: &#8211; ATP:t\u00e4 on kaikissa el\u00e4viss\u00e4 soluissa, mutta ATP:n m\u00e4\u00e4r\u00e4 soluissa ei ole vakio. Hiivassa on tuhat kertaa enemm\u00e4n ATP:t\u00e4 kuin bakteereissa, koska hiivasolu on j\u00e4rkytt\u00e4v\u00e4n iso bakteerin n\u00e4k\u00f6kulmasta &#8211; kontaktimaljalla kasvavat ne solut mitk\u00e4 pit\u00e4v\u00e4t niist\u00e4 olosuhteista mihin ne laitetaan. ATP mittaa solujen senhetkist\u00e4 [&hellip;]<\/p>\n","protected":false},"author":6,"featured_media":0,"parent":0,"menu_order":8,"comment_status":"open","ping_status":"open","template":"","meta":{"_themeisle_gutenberg_block_has_review":false,"footnotes":""},"class_list":["post-49","page","type-page","status-publish","hentry"],"_links":{"self":[{"href":"https:\/\/www.aboatox.com\/index.php?rest_route=\/wp\/v2\/pages\/49","targetHints":{"allow":["GET"]}}],"collection":[{"href":"https:\/\/www.aboatox.com\/index.php?rest_route=\/wp\/v2\/pages"}],"about":[{"href":"https:\/\/www.aboatox.com\/index.php?rest_route=\/wp\/v2\/types\/page"}],"author":[{"embeddable":true,"href":"https:\/\/www.aboatox.com\/index.php?rest_route=\/wp\/v2\/users\/6"}],"replies":[{"embeddable":true,"href":"https:\/\/www.aboatox.com\/index.php?rest_route=%2Fwp%2Fv2%2Fcomments&post=49"}],"version-history":[{"count":16,"href":"https:\/\/www.aboatox.com\/index.php?rest_route=\/wp\/v2\/pages\/49\/revisions"}],"predecessor-version":[{"id":757,"href":"https:\/\/www.aboatox.com\/index.php?rest_route=\/wp\/v2\/pages\/49\/revisions\/757"}],"wp:attachment":[{"href":"https:\/\/www.aboatox.com\/index.php?rest_route=%2Fwp%2Fv2%2Fmedia&parent=49"}],"curies":[{"name":"wp","href":"https:\/\/api.w.org\/{rel}","templated":true}]}}