{"id":255,"date":"2014-10-17T06:34:37","date_gmt":"2014-10-17T06:34:37","guid":{"rendered":"http:\/\/www.aboatox.com\/?page_id=255"},"modified":"2026-04-15T07:09:52","modified_gmt":"2026-04-15T07:09:52","slug":"promicol","status":"publish","type":"page","link":"https:\/\/www.aboatox.com\/?page_id=255","title":{"rendered":"Promicol &#8211; Professional Microbial Control &#8211; Mikrobiologisen kontaminaation mittaaminen lopputuotteista"},"content":{"rendered":"<p><a href=\"https:\/\/www.aboatox.com\/wp-content\/uploads\/2015\/12\/M1.png\"><img loading=\"lazy\" decoding=\"async\" class=\"alignnone size-medium wp-image-254\" src=\"https:\/\/www.aboatox.com\/wp-content\/uploads\/2014\/10\/logo_blok_rgb-300x300.jpg\" alt=\"logo_blok_rgb\" width=\"138\" height=\"138\" srcset=\"https:\/\/www.aboatox.com\/wp-content\/uploads\/2014\/10\/logo_blok_rgb-300x300.jpg 300w, https:\/\/www.aboatox.com\/wp-content\/uploads\/2014\/10\/logo_blok_rgb-150x150.jpg 150w, https:\/\/www.aboatox.com\/wp-content\/uploads\/2014\/10\/logo_blok_rgb-1024x1024.jpg 1024w, https:\/\/www.aboatox.com\/wp-content\/uploads\/2014\/10\/logo_blok_rgb.jpg 1228w\" sizes=\"auto, (max-width: 138px) 100vw, 138px\" \/><img loading=\"lazy\" decoding=\"async\" class=\"size-medium wp-image-343 alignright\" src=\"https:\/\/www.aboatox.com\/wp-content\/uploads\/2015\/12\/M1-300x136.png\" alt=\"M1\" width=\"300\" height=\"136\" \/><\/a><\/p>\n<p><strong>Mikrobiologisen kontaminaation mittaaminen lopputuotteista: maito (UHT), mehut, keitot jne <\/strong><\/p>\n<div id=\"oad325\" title=\"Mgdl compared to\"><\/div>\n<p>Mittaus perustuu ATP:n m\u00e4\u00e4ritt\u00e4miseen tuotteesta inkuboinnin j\u00e4lkeen. Tuotteen sis\u00e4lt\u00e4m\u00e4 ATP hajotetaan ensin ja sen j\u00e4lkeen lis\u00e4t\u00e4\u00e4n bakteerien solut hajottava reagenssi. Kun ATP on vapautettu soluista, se mitataan. HUOM! Tuotteeseen ei lis\u00e4t\u00e4 mit\u00e4\u00e4n inkuboinnin aikana, joten saatu tulos kertoo sen tuleeko tuote s\u00e4ilym\u00e4\u00e4n sellaisenaan viimeiseen k\u00e4ytt\u00f6p\u00e4iv\u00e4\u00e4n asti. Nopeampi kiertoaika, automatisoidut menetelm\u00e4t suurille n\u00e4ytem\u00e4\u00e4rille.<\/p>\n<p><a href=\"http:\/\/promicol.com\">www.promicol.com<\/a><\/p>\n<p>&nbsp;<\/p>\n","protected":false},"excerpt":{"rendered":"<p>Mikrobiologisen kontaminaation mittaaminen lopputuotteista: maito (UHT), mehut, keitot jne Mittaus perustuu ATP:n m\u00e4\u00e4ritt\u00e4miseen tuotteesta inkuboinnin j\u00e4lkeen. Tuotteen sis\u00e4lt\u00e4m\u00e4 ATP hajotetaan ensin ja sen j\u00e4lkeen lis\u00e4t\u00e4\u00e4n bakteerien solut hajottava reagenssi. Kun ATP on vapautettu soluista, se mitataan. HUOM! Tuotteeseen ei lis\u00e4t\u00e4 mit\u00e4\u00e4n inkuboinnin aikana, joten saatu tulos kertoo sen tuleeko tuote s\u00e4ilym\u00e4\u00e4n sellaisenaan viimeiseen k\u00e4ytt\u00f6p\u00e4iv\u00e4\u00e4n asti. [&hellip;]<\/p>\n","protected":false},"author":6,"featured_media":0,"parent":0,"menu_order":9,"comment_status":"open","ping_status":"open","template":"","meta":{"_themeisle_gutenberg_block_has_review":false,"footnotes":""},"class_list":["post-255","page","type-page","status-publish","hentry"],"_links":{"self":[{"href":"https:\/\/www.aboatox.com\/index.php?rest_route=\/wp\/v2\/pages\/255","targetHints":{"allow":["GET"]}}],"collection":[{"href":"https:\/\/www.aboatox.com\/index.php?rest_route=\/wp\/v2\/pages"}],"about":[{"href":"https:\/\/www.aboatox.com\/index.php?rest_route=\/wp\/v2\/types\/page"}],"author":[{"embeddable":true,"href":"https:\/\/www.aboatox.com\/index.php?rest_route=\/wp\/v2\/users\/6"}],"replies":[{"embeddable":true,"href":"https:\/\/www.aboatox.com\/index.php?rest_route=%2Fwp%2Fv2%2Fcomments&post=255"}],"version-history":[{"count":13,"href":"https:\/\/www.aboatox.com\/index.php?rest_route=\/wp\/v2\/pages\/255\/revisions"}],"predecessor-version":[{"id":752,"href":"https:\/\/www.aboatox.com\/index.php?rest_route=\/wp\/v2\/pages\/255\/revisions\/752"}],"wp:attachment":[{"href":"https:\/\/www.aboatox.com\/index.php?rest_route=%2Fwp%2Fv2%2Fmedia&parent=255"}],"curies":[{"name":"wp","href":"https:\/\/api.w.org\/{rel}","templated":true}]}}